{"id":9506,"date":"2024-07-23T16:34:16","date_gmt":"2024-07-23T14:34:16","guid":{"rendered":"https:\/\/www.studio-gilles-barbier.fr\/texts-interviews\/"},"modified":"2024-11-19T11:42:32","modified_gmt":"2024-11-19T10:42:32","slug":"texts-interviews","status":"publish","type":"page","link":"https:\/\/www.studio-gilles-barbier.fr\/en\/texts-interviews\/","title":{"rendered":"Texts \/ Interviews"},"content":{"rendered":"<p>[et_pb_section fb_built=&#8221;1&#8243; admin_label=&#8221;Header&#8221; _builder_version=&#8221;4.16&#8243; background_image=&#8221;https:\/\/www.studio-gilles-barbier.fr\/wp-content\/uploads\/2024\/08\/art-gallery-55.jpg&#8221; background_size=&#8221;initial&#8221; background_repeat=&#8221;repeat&#8221; global_colors_info=&#8221;{}&#8221;][et_pb_row custom_padding_last_edited=&#8221;off|phone&#8221; _builder_version=&#8221;4.16&#8243; background_position=&#8221;bottom_center&#8221; custom_padding_tablet=&#8221;17vw||17vw||false&#8221; use_custom_width=&#8221;on&#8221; width_unit=&#8221;off&#8221; custom_width_percent=&#8221;100%&#8221; locked=&#8221;off&#8221; global_colors_info=&#8221;{}&#8221;][et_pb_column type=&#8221;4_4&#8243; _builder_version=&#8221;4.16&#8243; custom_padding=&#8221;|||&#8221; global_colors_info=&#8221;{}&#8221; custom_padding__hover=&#8221;|||&#8221;][et_pb_text _builder_version=&#8221;4.27.2&#8243; _dynamic_attributes=&#8221;content&#8221; text_font=&#8221;||||||||&#8221; header_font=&#8221;||||||||&#8221; header_font_size=&#8221;56px&#8221; header_2_text_align=&#8221;left&#8221; header_2_font_size=&#8221;56px&#8221; header_2_line_height=&#8221;1.3em&#8221; transform_translate_linked=&#8221;off&#8221; max_width=&#8221;100%&#8221; max_width_tablet=&#8221;70%&#8221; max_width_last_edited=&#8221;off|phone&#8221; header_2_font_size_tablet=&#8221;40px&#8221; header_2_font_size_phone=&#8221;26px&#8221; header_2_font_size_last_edited=&#8221;on|desktop&#8221; global_colors_info=&#8221;{}&#8221;]@ET-DC@eyJkeW5hbWljIjp0cnVlLCJjb250ZW50IjoicG9zdF90aXRsZSIsInNldHRpbmdzIjp7ImJlZm9yZSI6IjxoMT4iLCJhZnRlciI6IjwvaDE+IiwiZW5hYmxlX2h0bWwiOiJvZmYifX0=@[\/et_pb_text][\/et_pb_column][\/et_pb_row][et_pb_row _builder_version=&#8221;4.27.0&#8243; max_width=&#8221;700px&#8221; module_alignment=&#8221;center&#8221; global_colors_info=&#8221;{}&#8221;][et_pb_column type=&#8221;4_4&#8243; _builder_version=&#8221;4.16&#8243; custom_padding=&#8221;|||&#8221; global_colors_info=&#8221;{}&#8221; custom_padding__hover=&#8221;|||&#8221;][et_pb_text _builder_version=&#8221;4.27.3&#8243; _module_preset=&#8221;default&#8221; custom_margin=&#8221;||50px||false|false&#8221; hover_enabled=&#8221;0&#8243; global_colors_info=&#8221;{}&#8221; sticky_enabled=&#8221;0&#8243;]<\/p>\n<h2>Texts<\/h2>\n<p><a href=\"https:\/\/www.studio-gilles-barbier.fr\/wp-content\/uploads\/2024\/11\/gilles-barbier-gael-charbau-an-islander-an-alien.pdf\" target=\"_blank\" rel=\"noopener\">An islander and an alien &#8211; <em>by Ga\u00ebl Charbau.<\/em><\/a><\/p>\n<p><a href=\"https:\/\/www.studio-gilles-barbier.fr\/wp-content\/uploads\/2024\/11\/gilles-barbier-mouna-mehouar-text.pdf\" target=\"_blank\" rel=\"noopener\">Gilles BARBIER &#8211; <em>by Mouna Mekouar.<\/em><\/a><\/p>\n<p><a href=\"https:\/\/www.studio-gilles-barbier.fr\/wp-content\/uploads\/2024\/11\/gilles-barbier-isabelle-limousin-desorder-in-the-cosmos.pdf\" target=\"_blank\" rel=\"noopener\">Disorder in the Cosmos<\/a><em><a href=\"https:\/\/www.studio-gilles-barbier.fr\/wp-content\/uploads\/2024\/11\/gilles-barbier-isabelle-limousin-desorder-in-the-cosmos.pdf\" target=\"_blank\" rel=\"noopener\"> &#8211; by Isabelle Limousin.<\/a><\/em><\/p>\n<p><a href=\"https:\/\/www.studio-gilles-barbier.fr\/wp-content\/uploads\/2024\/11\/gilles-barbier-benoit-decron-the-fart-organ.pdf\" target=\"_blank\" rel=\"noopener\">The Fart Organ, when laughter puts fear in the wind &#8211; <em>by Beno\u00eet Decron.<\/em><\/a><\/p>\n<p><a href=\"https:\/\/www.studio-gilles-barbier.fr\/wp-content\/uploads\/2024\/11\/gilles-barbier-pierre-sterckx-from-a-to-z-at-random.pdf\" target=\"_blank\" rel=\"noopener\">Un ab\u00e9z\u00e9daire dans le d\u00e9sordre &#8211; <em>by Pierre Sterckx.<\/em><\/a><\/p>\n<p><a href=\"https:\/\/www.studio-gilles-barbier.fr\/wp-content\/uploads\/2024\/11\/gilles-barbier-sebastien-gokalp-an-islander-in-the-garden-of-eden.pdf\" target=\"_blank\" rel=\"noopener\">An Oceanian in the Garden of Eden &#8211; <em>by S\u00e9bastien Gokalp.<\/em><\/a><\/p>\n<p>&nbsp;<\/p>\n<p>[\/et_pb_text][et_pb_text _builder_version=&#8221;4.27.2&#8243; text_font=&#8221;||||||||&#8221; header_font=&#8221;||||||||&#8221; module_alignment=&#8221;center&#8221; custom_margin=&#8221;||50px||false|false&#8221; global_colors_info=&#8221;{}&#8221;]<\/p>\n<h2>Interviews<\/h2>\n<p><a href=\"https:\/\/www.studio-gilles-barbier.fr\/wp-content\/uploads\/2024\/10\/artist-impression-gael-charbau.pdf\" target=\"_blank\" rel=\"noopener\">Artist Impression &#8211; <em>Interview with Ga\u00ebl Charbau<\/em>.<\/a><\/p>\n<p><a href=\"https:\/\/www.studio-gilles-barbier.fr\/wp-content\/uploads\/2024\/10\/avant-toute-chose-jean-yves-jouannais.pdf\" target=\"_blank\" rel=\"noopener\">Avant Toute Chose &#8211; <em>Interview with Jean-Yves Jouannais<\/em>.<\/a><\/p>\n<p><a href=\"https:\/\/www.studio-gilles-barbier.fr\/wp-content\/uploads\/2024\/10\/correcteur-de-realites-pierre-sterckx.pdf\" target=\"_blank\" rel=\"noopener\">R\u00e9alit\u00e9s editor &#8211; <em>Interview with Pierre Sterckx<\/em>.<\/a><\/p>\n<p><a href=\"https:\/\/www.studio-gilles-barbier.fr\/wp-content\/uploads\/2024\/10\/la-glorieuse-insuffisance-des-images-christophe-kihm.pdf\" target=\"_blank\" rel=\"noopener\">La Glorieuse Insuffisance des Images &#8211; <em>Interview with Christophe Kihm<\/em>.<\/a><\/p>\n<p><a href=\"https:\/\/www.studio-gilles-barbier.fr\/wp-content\/uploads\/2024\/10\/la-patinoire-eric-mangion.pdf\" target=\"_blank\" rel=\"noopener\">La Patinoire &#8211; <em>Interview with \u00c9ric Mangion<\/em>.<\/a><\/p>\n<p><a href=\"https:\/\/www.studio-gilles-barbier.fr\/wp-content\/uploads\/2024\/10\/le-jeu-de-la-vie-gael-charbau.pdf\" target=\"_blank\" rel=\"noopener\">The Game of Life &#8211; <em>Interview with Ga\u00ebl Charbau.<\/em><\/a><\/p>\n<p><a href=\"https:\/\/www.studio-gilles-barbier.fr\/wp-content\/uploads\/2024\/10\/le-monde-est-une-tong-richard-leydier.pdf\" target=\"_blank\" rel=\"noopener\">Le Monde est une Tong &#8211; <em>Interview with Richard Leydier.<\/em><\/a><\/p>\n<p><a href=\"https:\/\/www.studio-gilles-barbier.fr\/wp-content\/uploads\/2024\/11\/gilles-barbier-game-of-life-version-anglaise.pdf\" target=\"_blank\" rel=\"noopener\">The Game of Life &#8211; Interview with<em> Hannah Limpardone<\/em><\/a><\/p>\n<p><a href=\"https:\/\/www.studio-gilles-barbier.fr\/wp-content\/uploads\/2024\/10\/WWW-elisabeth-couturier.pdf\" target=\"_blank\" rel=\"noopener\">WWW &#8211; <em>Interview with \u00c9lisabeth Couturier.<\/em><\/a><\/p>\n<p>[\/et_pb_text][\/et_pb_column][\/et_pb_row][\/et_pb_section]<\/p>\n","protected":false},"excerpt":{"rendered":"<p>Texts An islander and an alien &#8211; by Ga\u00ebl Charbau. Gilles BARBIER &#8211; by Mouna Mekouar. Disorder in the Cosmos &#8211; by Isabelle Limousin. The Fart Organ, when laughter puts fear in the wind &#8211; by Beno\u00eet Decron. Un ab\u00e9z\u00e9daire dans le d\u00e9sordre &#8211; by Pierre Sterckx. An Oceanian in the Garden of Eden &#8211; [&hellip;]<\/p>\n","protected":false},"author":1,"featured_media":0,"parent":0,"menu_order":0,"comment_status":"closed","ping_status":"closed","template":"","meta":{"_et_pb_use_builder":"on","_et_pb_old_content":"","_et_gb_content_width":"","footnotes":""},"class_list":["post-9506","page","type-page","status-publish","hentry"],"yoast_head":"<!-- This site is optimized with the Yoast SEO plugin v25.6 - https:\/\/yoast.com\/wordpress\/plugins\/seo\/ -->\n<title>Texts \/ Interviews - Gilles Barbier<\/title>\n<meta name=\"robots\" content=\"index, follow, max-snippet:-1, max-image-preview:large, max-video-preview:-1\" \/>\n<link rel=\"canonical\" href=\"https:\/\/www.studio-gilles-barbier.fr\/en\/texts-interviews\/\" \/>\n<meta property=\"og:locale\" content=\"en_US\" \/>\n<meta property=\"og:type\" content=\"article\" \/>\n<meta property=\"og:title\" content=\"Texts \/ Interviews - Gilles Barbier\" \/>\n<meta property=\"og:description\" content=\"Texts An islander and an alien - by Ga\u00ebl Charbau. Gilles BARBIER - by Mouna Mekouar. Disorder in the Cosmos - by Isabelle Limousin. The Fart Organ, when laughter puts fear in the wind - by Beno\u00eet Decron. Un ab\u00e9z\u00e9daire dans le d\u00e9sordre - by Pierre Sterckx. An Oceanian in the Garden of Eden - [&hellip;]\" \/>\n<meta property=\"og:url\" content=\"https:\/\/www.studio-gilles-barbier.fr\/en\/texts-interviews\/\" \/>\n<meta property=\"og:site_name\" content=\"Gilles Barbier\" \/>\n<meta property=\"article:modified_time\" content=\"2024-11-19T10:42:32+00:00\" \/>\n<meta property=\"og:image\" content=\"https:\/\/www.studio-gilles-barbier.fr\/wp-content\/uploads\/2024\/07\/cropped-favicon-gilles-barbier.webp\" \/>\n\t<meta property=\"og:image:width\" content=\"512\" \/>\n\t<meta property=\"og:image:height\" content=\"512\" \/>\n\t<meta property=\"og:image:type\" content=\"image\/webp\" \/>\n<meta name=\"twitter:card\" content=\"summary_large_image\" \/>\n<meta name=\"twitter:label1\" content=\"Est. reading time\" \/>\n\t<meta name=\"twitter:data1\" content=\"2 minutes\" \/>\n<script type=\"application\/ld+json\" class=\"yoast-schema-graph\">{\"@context\":\"https:\/\/schema.org\",\"@graph\":[{\"@type\":\"WebPage\",\"@id\":\"https:\/\/www.studio-gilles-barbier.fr\/en\/texts-interviews\/\",\"url\":\"https:\/\/www.studio-gilles-barbier.fr\/en\/texts-interviews\/\",\"name\":\"Texts \/ Interviews - Gilles Barbier\",\"isPartOf\":{\"@id\":\"https:\/\/www.studio-gilles-barbier.fr\/en\/#website\"},\"datePublished\":\"2024-07-23T14:34:16+00:00\",\"dateModified\":\"2024-11-19T10:42:32+00:00\",\"breadcrumb\":{\"@id\":\"https:\/\/www.studio-gilles-barbier.fr\/en\/texts-interviews\/#breadcrumb\"},\"inLanguage\":\"en-US\",\"potentialAction\":[{\"@type\":\"ReadAction\",\"target\":[\"https:\/\/www.studio-gilles-barbier.fr\/en\/texts-interviews\/\"]}]},{\"@type\":\"BreadcrumbList\",\"@id\":\"https:\/\/www.studio-gilles-barbier.fr\/en\/texts-interviews\/#breadcrumb\",\"itemListElement\":[{\"@type\":\"ListItem\",\"position\":1,\"name\":\"Accueil\",\"item\":\"https:\/\/www.studio-gilles-barbier.fr\/en\/home\/\"},{\"@type\":\"ListItem\",\"position\":2,\"name\":\"Texts \/ Interviews\"}]},{\"@type\":\"WebSite\",\"@id\":\"https:\/\/www.studio-gilles-barbier.fr\/en\/#website\",\"url\":\"https:\/\/www.studio-gilles-barbier.fr\/en\/\",\"name\":\"Gilles Barbier\",\"description\":\"Artiste Fran\u00e7ais\",\"publisher\":{\"@id\":\"https:\/\/www.studio-gilles-barbier.fr\/en\/#organization\"},\"potentialAction\":[{\"@type\":\"SearchAction\",\"target\":{\"@type\":\"EntryPoint\",\"urlTemplate\":\"https:\/\/www.studio-gilles-barbier.fr\/en\/?s={search_term_string}\"},\"query-input\":{\"@type\":\"PropertyValueSpecification\",\"valueRequired\":true,\"valueName\":\"search_term_string\"}}],\"inLanguage\":\"en-US\"},{\"@type\":\"Organization\",\"@id\":\"https:\/\/www.studio-gilles-barbier.fr\/en\/#organization\",\"name\":\"Gilles Barbier\",\"url\":\"https:\/\/www.studio-gilles-barbier.fr\/en\/\",\"logo\":{\"@type\":\"ImageObject\",\"inLanguage\":\"en-US\",\"@id\":\"https:\/\/www.studio-gilles-barbier.fr\/en\/#\/schema\/logo\/image\/\",\"url\":\"https:\/\/www.studio-gilles-barbier.fr\/wp-content\/uploads\/2024\/07\/cropped-favicon-gilles-barbier.webp\",\"contentUrl\":\"https:\/\/www.studio-gilles-barbier.fr\/wp-content\/uploads\/2024\/07\/cropped-favicon-gilles-barbier.webp\",\"width\":512,\"height\":512,\"caption\":\"Gilles Barbier\"},\"image\":{\"@id\":\"https:\/\/www.studio-gilles-barbier.fr\/en\/#\/schema\/logo\/image\/\"},\"sameAs\":[\"https:\/\/www.instagram.com\/studio_gilles_barbier_\/\"]}]}<\/script>\n<!-- \/ Yoast SEO plugin. -->","yoast_head_json":{"title":"Texts \/ Interviews - Gilles Barbier","robots":{"index":"index","follow":"follow","max-snippet":"max-snippet:-1","max-image-preview":"max-image-preview:large","max-video-preview":"max-video-preview:-1"},"canonical":"https:\/\/www.studio-gilles-barbier.fr\/en\/texts-interviews\/","og_locale":"en_US","og_type":"article","og_title":"Texts \/ Interviews - Gilles Barbier","og_description":"Texts An islander and an alien - by Ga\u00ebl Charbau. Gilles BARBIER - by Mouna Mekouar. Disorder in the Cosmos - by Isabelle Limousin. The Fart Organ, when laughter puts fear in the wind - by Beno\u00eet Decron. Un ab\u00e9z\u00e9daire dans le d\u00e9sordre - by Pierre Sterckx. An Oceanian in the Garden of Eden - [&hellip;]","og_url":"https:\/\/www.studio-gilles-barbier.fr\/en\/texts-interviews\/","og_site_name":"Gilles Barbier","article_modified_time":"2024-11-19T10:42:32+00:00","og_image":[{"width":512,"height":512,"url":"https:\/\/www.studio-gilles-barbier.fr\/wp-content\/uploads\/2024\/07\/cropped-favicon-gilles-barbier.webp","type":"image\/webp"}],"twitter_card":"summary_large_image","twitter_misc":{"Est. reading time":"2 minutes"},"schema":{"@context":"https:\/\/schema.org","@graph":[{"@type":"WebPage","@id":"https:\/\/www.studio-gilles-barbier.fr\/en\/texts-interviews\/","url":"https:\/\/www.studio-gilles-barbier.fr\/en\/texts-interviews\/","name":"Texts \/ Interviews - Gilles Barbier","isPartOf":{"@id":"https:\/\/www.studio-gilles-barbier.fr\/en\/#website"},"datePublished":"2024-07-23T14:34:16+00:00","dateModified":"2024-11-19T10:42:32+00:00","breadcrumb":{"@id":"https:\/\/www.studio-gilles-barbier.fr\/en\/texts-interviews\/#breadcrumb"},"inLanguage":"en-US","potentialAction":[{"@type":"ReadAction","target":["https:\/\/www.studio-gilles-barbier.fr\/en\/texts-interviews\/"]}]},{"@type":"BreadcrumbList","@id":"https:\/\/www.studio-gilles-barbier.fr\/en\/texts-interviews\/#breadcrumb","itemListElement":[{"@type":"ListItem","position":1,"name":"Accueil","item":"https:\/\/www.studio-gilles-barbier.fr\/en\/home\/"},{"@type":"ListItem","position":2,"name":"Texts \/ Interviews"}]},{"@type":"WebSite","@id":"https:\/\/www.studio-gilles-barbier.fr\/en\/#website","url":"https:\/\/www.studio-gilles-barbier.fr\/en\/","name":"Gilles Barbier","description":"Artiste Fran\u00e7ais","publisher":{"@id":"https:\/\/www.studio-gilles-barbier.fr\/en\/#organization"},"potentialAction":[{"@type":"SearchAction","target":{"@type":"EntryPoint","urlTemplate":"https:\/\/www.studio-gilles-barbier.fr\/en\/?s={search_term_string}"},"query-input":{"@type":"PropertyValueSpecification","valueRequired":true,"valueName":"search_term_string"}}],"inLanguage":"en-US"},{"@type":"Organization","@id":"https:\/\/www.studio-gilles-barbier.fr\/en\/#organization","name":"Gilles Barbier","url":"https:\/\/www.studio-gilles-barbier.fr\/en\/","logo":{"@type":"ImageObject","inLanguage":"en-US","@id":"https:\/\/www.studio-gilles-barbier.fr\/en\/#\/schema\/logo\/image\/","url":"https:\/\/www.studio-gilles-barbier.fr\/wp-content\/uploads\/2024\/07\/cropped-favicon-gilles-barbier.webp","contentUrl":"https:\/\/www.studio-gilles-barbier.fr\/wp-content\/uploads\/2024\/07\/cropped-favicon-gilles-barbier.webp","width":512,"height":512,"caption":"Gilles Barbier"},"image":{"@id":"https:\/\/www.studio-gilles-barbier.fr\/en\/#\/schema\/logo\/image\/"},"sameAs":["https:\/\/www.instagram.com\/studio_gilles_barbier_\/"]}]}},"_links":{"self":[{"href":"https:\/\/www.studio-gilles-barbier.fr\/en\/wp-json\/wp\/v2\/pages\/9506"}],"collection":[{"href":"https:\/\/www.studio-gilles-barbier.fr\/en\/wp-json\/wp\/v2\/pages"}],"about":[{"href":"https:\/\/www.studio-gilles-barbier.fr\/en\/wp-json\/wp\/v2\/types\/page"}],"author":[{"embeddable":true,"href":"https:\/\/www.studio-gilles-barbier.fr\/en\/wp-json\/wp\/v2\/users\/1"}],"replies":[{"embeddable":true,"href":"https:\/\/www.studio-gilles-barbier.fr\/en\/wp-json\/wp\/v2\/comments?post=9506"}],"version-history":[{"count":17,"href":"https:\/\/www.studio-gilles-barbier.fr\/en\/wp-json\/wp\/v2\/pages\/9506\/revisions"}],"predecessor-version":[{"id":10956,"href":"https:\/\/www.studio-gilles-barbier.fr\/en\/wp-json\/wp\/v2\/pages\/9506\/revisions\/10956"}],"wp:attachment":[{"href":"https:\/\/www.studio-gilles-barbier.fr\/en\/wp-json\/wp\/v2\/media?parent=9506"}],"curies":[{"name":"wp","href":"https:\/\/api.w.org\/{rel}","templated":true}]}}